{"id":34,"date":"2025-12-19T09:02:48","date_gmt":"2025-12-19T09:02:48","guid":{"rendered":"https:\/\/relationalmission.de\/?page_id=34"},"modified":"2026-02-24T13:50:51","modified_gmt":"2026-02-24T13:50:51","slug":"news","status":"publish","type":"page","link":"https:\/\/relationalmission.de\/en\/news\/","title":{"rendered":"News"},"content":{"rendered":"\n<div style=\"height:100px\" aria-hidden=\"true\" class=\"wp-block-spacer\"><\/div>\n\n\n\n<h1 class=\"wp-block-heading\">News<\/h1>\n\n\n\n<div class=\"wp-block-cover alignfull\" style=\"margin-top:0;padding-top:4vw;padding-right:4vw;padding-bottom:4vw;padding-left:4vw;min-height:518px;aspect-ratio:unset;\"><span aria-hidden=\"true\" class=\"wp-block-cover__background has-ast-global-color-4-background-color has-background-dim-100 has-background-dim\"><\/span><div class=\"wp-block-cover__inner-container is-layout-constrained wp-container-core-cover-is-layout-2b4fc1e3 wp-block-cover-is-layout-constrained\">\n<div class=\"wp-block-media-text is-stacked-on-mobile is-vertically-aligned-top\" style=\"grid-template-columns:15% auto\"><figure class=\"wp-block-media-text__media\"><img loading=\"lazy\" decoding=\"async\" width=\"1024\" height=\"1024\" src=\"https:\/\/relationalmission.de\/wp-content\/uploads\/2026\/02\/RM-Newsletter-1024x1024.png\" alt=\"\" class=\"wp-image-1331 size-large\" srcset=\"https:\/\/relationalmission.de\/wp-content\/uploads\/2026\/02\/RM-Newsletter-1024x1024.png 1024w, https:\/\/relationalmission.de\/wp-content\/uploads\/2026\/02\/RM-Newsletter-300x300.png 300w, https:\/\/relationalmission.de\/wp-content\/uploads\/2026\/02\/RM-Newsletter-150x150.png 150w, https:\/\/relationalmission.de\/wp-content\/uploads\/2026\/02\/RM-Newsletter-768x768.png 768w, https:\/\/relationalmission.de\/wp-content\/uploads\/2026\/02\/RM-Newsletter.png 1080w\" sizes=\"auto, (max-width: 1024px) 100vw, 1024px\" \/><\/figure><div class=\"wp-block-media-text__content\">\n<p>Bleib verbunden mit dem, was Gott innerhalb Relational Mission in Deutschland bewegt!<br>Nachfolgend findest du aktuelle und vergangene Beitr\u00e4ge von besonderen Momenten, interessanten Geschichten, Gebetsanliegen und Zeugnissen.<\/p>\n\n\n\n<p>Falls du noch nicht angemeldet bist, hole das hier nach:<\/p>\n\n\n\n<div class=\"wp-block-buttons is-layout-flex wp-block-buttons-is-layout-flex\">\n<div class=\"wp-block-button\"><a class=\"wp-block-button__link wp-element-button\" href=\"https:\/\/mailchi.mp\/8be9a671ead9\/rm-deutschland-newsletter\">Zum Newsletter anmelden!<\/a><\/div>\n<\/div>\n<\/div><\/div>\n<\/div><\/div>\n\n\n\n<div style=\"height:44px\" aria-hidden=\"true\" class=\"wp-block-spacer\"><\/div>\n\n\n<ul class=\"wp-block-latest-posts__list has-dates wp-block-latest-posts\"><li><div class=\"wp-block-latest-posts__featured-image alignleft\"><img loading=\"lazy\" decoding=\"async\" width=\"150\" height=\"150\" src=\"https:\/\/relationalmission.de\/wp-content\/uploads\/2026\/01\/Mehr-Zusammen-2026-150x150.png\" class=\"attachment-thumbnail size-thumbnail wp-post-image\" alt=\"\" style=\"\" \/><\/div><a class=\"wp-block-latest-posts__post-title\" href=\"https:\/\/relationalmission.de\/en\/mehr-zusammen-newsletter-_-1-edition-dezember-2025-2\/\">Mehr Zusammen Newsletter _ 2. Edition Februar 2026<\/a><time datetime=\"2026-03-10T11:28:10+00:00\" class=\"wp-block-latest-posts__post-date\">10. March 2026<\/time><div class=\"wp-block-latest-posts__post-excerpt\">Es ist Februar. W\u00e4hrend die Natur sich still auf den Fr\u00fchling und die kommende Bl\u00fcte vorbereitet, d\u00fcrfen auch wir uns vorbereiten \u2013 vor allem im Gebet, besonders im Rahmen des \u201eGebets Vieler\u201c.<\/div><\/li>\n<li><div class=\"wp-block-latest-posts__featured-image alignleft\"><img loading=\"lazy\" decoding=\"async\" width=\"150\" height=\"150\" src=\"https:\/\/relationalmission.de\/wp-content\/uploads\/2026\/01\/Mehr-Zusammen-2026-150x150.png\" class=\"attachment-thumbnail size-thumbnail wp-post-image\" alt=\"\" style=\"\" \/><\/div><a class=\"wp-block-latest-posts__post-title\" href=\"https:\/\/relationalmission.de\/en\/mehr-zusammen-newsletter-_-1-edition-dezember-2025\/\">Mehr Zusammen Newsletter _ 1. Edition Dezember 2025<\/a><time datetime=\"2025-12-06T09:40:00+00:00\" class=\"wp-block-latest-posts__post-date\">6. December 2025<\/time><div class=\"wp-block-latest-posts__post-excerpt\">Willkommen zu unserem ersten Relational Mission Newsletter &#8211; und gleichzeitig unserer weihnachtlichen Ausgabe. Hier erf\u00e4hrst du vom aktuellen Gebetsfokus und in welchen Gebetsanliegen du uns momentan unterst\u00fctzen kannst. Au\u00dferdem lernst du eine unserer Gemeinden im RM-Netzwerk kennen &#8211; die erlebt Kirche in Chemnitz!<\/div><\/li>\n<\/ul>\n\n\n<div style=\"height:100px\" aria-hidden=\"true\" class=\"wp-block-spacer\"><\/div>\n","protected":false},"excerpt":{"rendered":"<p>News<\/p>\n","protected":false},"author":1,"featured_media":0,"parent":0,"menu_order":0,"comment_status":"closed","ping_status":"closed","template":"","meta":{"site-sidebar-layout":"default","site-content-layout":"","ast-site-content-layout":"default","site-content-style":"default","site-sidebar-style":"default","ast-global-header-display":"","ast-banner-title-visibility":"","ast-main-header-display":"","ast-hfb-above-header-display":"","ast-hfb-below-header-display":"","ast-hfb-mobile-header-display":"","site-post-title":"disabled","ast-breadcrumbs-content":"","ast-featured-img":"","footer-sml-layout":"","ast-disable-related-posts":"","theme-transparent-header-meta":"","adv-header-id-meta":"","stick-header-meta":"","header-above-stick-meta":"","header-main-stick-meta":"","header-below-stick-meta":"","astra-migrate-meta-layouts":"default","ast-page-background-enabled":"default","ast-page-background-meta":{"desktop":{"background-color":"var(--ast-global-color-5)","background-image":"","background-repeat":"repeat","background-position":"center center","background-size":"auto","background-attachment":"scroll","background-type":"","background-media":"","overlay-type":"","overlay-color":"","overlay-opacity":"","overlay-gradient":""},"tablet":{"background-color":"","background-image":"","background-repeat":"repeat","background-position":"center center","background-size":"auto","background-attachment":"scroll","background-type":"","background-media":"","overlay-type":"","overlay-color":"","overlay-opacity":"","overlay-gradient":""},"mobile":{"background-color":"","background-image":"","background-repeat":"repeat","background-position":"center center","background-size":"auto","background-attachment":"scroll","background-type":"","background-media":"","overlay-type":"","overlay-color":"","overlay-opacity":"","overlay-gradient":""}},"ast-content-background-meta":{"desktop":{"background-color":"var(--ast-global-color-4)","background-image":"","background-repeat":"repeat","background-position":"center center","background-size":"auto","background-attachment":"scroll","background-type":"","background-media":"","overlay-type":"","overlay-color":"","overlay-opacity":"","overlay-gradient":""},"tablet":{"background-color":"var(--ast-global-color-4)","background-image":"","background-repeat":"repeat","background-position":"center center","background-size":"auto","background-attachment":"scroll","background-type":"","background-media":"","overlay-type":"","overlay-color":"","overlay-opacity":"","overlay-gradient":""},"mobile":{"background-color":"var(--ast-global-color-4)","background-image":"","background-repeat":"repeat","background-position":"center center","background-size":"auto","background-attachment":"scroll","background-type":"","background-media":"","overlay-type":"","overlay-color":"","overlay-opacity":"","overlay-gradient":""}},"ngg_post_thumbnail":0,"footnotes":""},"class_list":["post-34","page","type-page","status-publish","hentry"],"_links":{"self":[{"href":"https:\/\/relationalmission.de\/en\/wp-json\/wp\/v2\/pages\/34","targetHints":{"allow":["GET"]}}],"collection":[{"href":"https:\/\/relationalmission.de\/en\/wp-json\/wp\/v2\/pages"}],"about":[{"href":"https:\/\/relationalmission.de\/en\/wp-json\/wp\/v2\/types\/page"}],"author":[{"embeddable":true,"href":"https:\/\/relationalmission.de\/en\/wp-json\/wp\/v2\/users\/1"}],"replies":[{"embeddable":true,"href":"https:\/\/relationalmission.de\/en\/wp-json\/wp\/v2\/comments?post=34"}],"version-history":[{"count":107,"href":"https:\/\/relationalmission.de\/en\/wp-json\/wp\/v2\/pages\/34\/revisions"}],"predecessor-version":[{"id":1437,"href":"https:\/\/relationalmission.de\/en\/wp-json\/wp\/v2\/pages\/34\/revisions\/1437"}],"wp:attachment":[{"href":"https:\/\/relationalmission.de\/en\/wp-json\/wp\/v2\/media?parent=34"}],"curies":[{"name":"wp","href":"https:\/\/api.w.org\/{rel}","templated":true}]}}