{"id":25,"date":"2025-12-19T09:00:22","date_gmt":"2025-12-19T09:00:22","guid":{"rendered":"https:\/\/relationalmission.de\/?page_id=25"},"modified":"2026-02-17T09:08:21","modified_gmt":"2026-02-17T09:08:21","slug":"ueber-uns","status":"publish","type":"page","link":"https:\/\/relationalmission.de\/en\/ueber-uns\/","title":{"rendered":"\u00dcber uns"},"content":{"rendered":"\n<figure class=\"wp-block-image aligncenter size-large is-resized\"><img loading=\"lazy\" decoding=\"async\" width=\"1024\" height=\"640\" src=\"https:\/\/relationalmission.de\/wp-content\/uploads\/2026\/02\/Mehr-Zusammen1-1024x640.png\" alt=\"\" class=\"wp-image-714\" style=\"aspect-ratio:1.5999796327521327;width:1042px;height:auto\" srcset=\"https:\/\/relationalmission.de\/wp-content\/uploads\/2026\/02\/Mehr-Zusammen1-1024x640.png 1024w, https:\/\/relationalmission.de\/wp-content\/uploads\/2026\/02\/Mehr-Zusammen1-300x188.png 300w, https:\/\/relationalmission.de\/wp-content\/uploads\/2026\/02\/Mehr-Zusammen1-768x480.png 768w, https:\/\/relationalmission.de\/wp-content\/uploads\/2026\/02\/Mehr-Zusammen1.png 1280w\" sizes=\"auto, (max-width: 1024px) 100vw, 1024px\" \/><\/figure>\n\n\n\n<div style=\"height:73px\" aria-hidden=\"true\" class=\"wp-block-spacer\"><\/div>\n\n\n\n<div data-wp-context=\"{ &quot;autoclose&quot;: false, &quot;accordionItems&quot;: [] }\" data-wp-interactive=\"core\/accordion\" role=\"group\" class=\"wp-block-accordion is-layout-flow wp-block-accordion-is-layout-flow\">\n<div data-wp-class--is-open=\"state.isOpen\" data-wp-context=\"{ &quot;id&quot;: &quot;accordion-item-1&quot;, &quot;openByDefault&quot;: false }\" data-wp-init=\"callbacks.initAccordionItems\" data-wp-on-window--hashchange=\"callbacks.hashChange\" class=\"wp-block-accordion-item is-layout-flow wp-block-accordion-item-is-layout-flow\">\n<h3 class=\"wp-block-accordion-heading\"><button aria-expanded=\"false\" aria-controls=\"accordion-item-1-panel\" data-wp-bind--aria-expanded=\"state.isOpen\" data-wp-on--click=\"actions.toggle\" data-wp-on--keydown=\"actions.handleKeyDown\" id=\"accordion-item-1\" type=\"button\" class=\"wp-block-accordion-heading__toggle\"><span class=\"wp-block-accordion-heading__toggle-title\">Unsere Glaubensgrundlagen<\/span><span class=\"wp-block-accordion-heading__toggle-icon\" aria-hidden=\"true\">+<\/span><\/button><\/h3>\n\n\n\n<div inert aria-labelledby=\"accordion-item-1\" data-wp-bind--inert=\"!state.isOpen\" id=\"accordion-item-1-panel\" role=\"region\" class=\"wp-block-accordion-panel is-layout-flow wp-block-accordion-panel-is-layout-flow\">\n<p><strong>1) Gegr\u00fcndet im Wort<\/strong> <strong>Gottes<\/strong><\/p>\n\n\n\n<p>Wir glauben an die absolute Wahrheit, Vollst\u00e4ndigkeit und Autorit\u00e4t der Bibel. Dieser Wert zeigt sich darin, dass die Bibel im Leben unserer Gemeinde eine zentrale Rolle spielt \u2013 in der Lehre, in unserer Haltung und im praktischen Miteinander.<\/p>\n\n\n\n<p><strong>2) Erf\u00fcllt von Gnade<\/strong><\/p>\n\n\n\n<p>Die Botschaft der Gnade und des Evangeliums steht im Mittelpunkt des christlichen Lebens und der \u00f6rtlichen Gemeinde.<\/p>\n\n\n\n<p><strong>3) Bef\u00e4higt durch den Heiligen Geist<\/strong><\/p>\n\n\n\n<p>Wir glauben, dass alle Gaben der Heiligen Schrift auch heute noch zur Verf\u00fcgung stehen und erw\u00fcnscht sind, um die Gemeinde vor Ort aufzubauen und das Reich Gottes auszuweiten. Wir glauben, dass jeder Gl\u00e4ubige mit dem Geist erf\u00fcllt sein sollte, weil Gott uns zu einem christlichen Leben und Zeugnis bef\u00e4higen will.<\/p>\n<\/div>\n<\/div>\n<\/div>\n\n\n\n<div style=\"height:0px\" aria-hidden=\"true\" class=\"wp-block-spacer\"><\/div>\n\n\n\n<div style=\"height:73px\" aria-hidden=\"true\" class=\"wp-block-spacer\"><\/div>\n\n\n\n<div data-wp-context=\"{ &quot;autoclose&quot;: false, &quot;accordionItems&quot;: [] }\" data-wp-interactive=\"core\/accordion\" role=\"group\" class=\"wp-block-accordion is-layout-flow wp-block-accordion-is-layout-flow\">\n<div data-wp-class--is-open=\"state.isOpen\" data-wp-context=\"{ &quot;id&quot;: &quot;accordion-item-2&quot;, &quot;openByDefault&quot;: false }\" data-wp-init=\"callbacks.initAccordionItems\" data-wp-on-window--hashchange=\"callbacks.hashChange\" class=\"wp-block-accordion-item is-layout-flow wp-block-accordion-item-is-layout-flow\">\n<h3 class=\"wp-block-accordion-heading\"><button aria-expanded=\"false\" aria-controls=\"accordion-item-2-panel\" data-wp-bind--aria-expanded=\"state.isOpen\" data-wp-on--click=\"actions.toggle\" data-wp-on--keydown=\"actions.handleKeyDown\" id=\"accordion-item-2\" type=\"button\" class=\"wp-block-accordion-heading__toggle\"><span class=\"wp-block-accordion-heading__toggle-title\">Wie wir leiten<\/span><span class=\"wp-block-accordion-heading__toggle-icon\" aria-hidden=\"true\">+<\/span><\/button><\/h3>\n\n\n\n<div inert aria-labelledby=\"accordion-item-2\" data-wp-bind--inert=\"!state.isOpen\" id=\"accordion-item-2-panel\" role=\"region\" class=\"wp-block-accordion-panel is-layout-flow wp-block-accordion-panel-is-layout-flow\">\n<p><strong>4) \u00c4lteste in jeder Gemeinde vor Ort<\/strong><\/p>\n\n\n\n<p>Der Heilige Geist ernennt \u00c4lteste, die von der Gemeinde und dem apostolischen Dienst anerkannt sind. \u00c4ltestenschaft verstehen wir als die Berufung qualifizierter M\u00e4nner, die die \u00f6rtliche Gemeinde gemeinsam leiten und geistlich begleiten.<\/p>\n\n\n\n<p><strong>5) Dienste nach Epheser 4<\/strong><\/p>\n\n\n\n<p>Wir glauben, dass alle in Epheser 4,11 genannten Dienste auch heute noch gelten. Sie helfen, Gemeinden in die Reife zu f\u00fchren und M\u00e4nner und Frauen f\u00fcr ihren von Gott gegebenen Dienst auszur\u00fcsten.<\/p>\n\n\n\n<p><strong>6) Dienendes Herz<\/strong><\/p>\n\n\n\n<p>Christliche Leitung bedeutet vor allem, mit gutem Beispiel voranzugehen. In Anlehnung an Jesus verstehen wir Leiterschaft als einen Dienst an Menschen.<\/p>\n<\/div>\n<\/div>\n<\/div>\n\n\n\n<div style=\"height:73px\" aria-hidden=\"true\" class=\"wp-block-spacer\"><\/div>\n\n\n\n<div data-wp-context=\"{ &quot;autoclose&quot;: false, &quot;accordionItems&quot;: [] }\" data-wp-interactive=\"core\/accordion\" role=\"group\" class=\"wp-block-accordion is-layout-flow wp-block-accordion-is-layout-flow\">\n<div data-wp-class--is-open=\"state.isOpen\" data-wp-context=\"{ &quot;id&quot;: &quot;accordion-item-3&quot;, &quot;openByDefault&quot;: false }\" data-wp-init=\"callbacks.initAccordionItems\" data-wp-on-window--hashchange=\"callbacks.hashChange\" class=\"wp-block-accordion-item is-layout-flow wp-block-accordion-item-is-layout-flow\">\n<h3 class=\"wp-block-accordion-heading\"><button aria-expanded=\"false\" aria-controls=\"accordion-item-3-panel\" data-wp-bind--aria-expanded=\"state.isOpen\" data-wp-on--click=\"actions.toggle\" data-wp-on--keydown=\"actions.handleKeyDown\" id=\"accordion-item-3\" type=\"button\" class=\"wp-block-accordion-heading__toggle\"><span class=\"wp-block-accordion-heading__toggle-title\">Wie wir unseren Auftrag leben<\/span><span class=\"wp-block-accordion-heading__toggle-icon\" aria-hidden=\"true\">+<\/span><\/button><\/h3>\n\n\n\n<div inert aria-labelledby=\"accordion-item-3\" data-wp-bind--inert=\"!state.isOpen\" id=\"accordion-item-3-panel\" role=\"region\" class=\"wp-block-accordion-panel is-layout-flow wp-block-accordion-panel-is-layout-flow\">\n<p><strong>7) \u00d6rtliche Gemeinde im Fokus<\/strong><\/p>\n\n\n\n<p>Wir sehen die \u00f6rtliche Gemeinde als zentralen Ort f\u00fcr Gottes Ziele und Mission. Sie sollte der Hauptfokus f\u00fcr die Dienste nach Epheser 4 sein.<\/p>\n\n\n\n<p><strong>8) Lokal, global und ganzheitlich gelebt<\/strong><\/p>\n\n\n\n<p>Wir w\u00fcnschen uns, dass sich \u00f6rtliche Gemeinden wirksam und fruchtbar f\u00fcr Gottes Mission einsetzen und im Reich Gottes dienen. Gleichzeitig m\u00f6chten wir, dass lokale Gemeinden Teil der globalen apostolischen Mission sind.<\/p>\n\n\n\n<p><strong>9) Freiheit in der Umsetzung je nach Kontext<\/strong><\/p>\n\n\n\n<p>Uns ist bewusst, dass diese Grundwerte in unterschiedlichen Kulturen und Kontexten verschieden gelebt werden. Darum wollen wir Raum f\u00fcr kontextbezogene und kulturell sensible Anwendung lassen.<\/p>\n<\/div>\n<\/div>\n<\/div>\n\n\n\n<div style=\"height:73px\" aria-hidden=\"true\" class=\"wp-block-spacer\"><\/div>\n\n\n\n<div data-wp-context=\"{ &quot;autoclose&quot;: false, &quot;accordionItems&quot;: [] }\" data-wp-interactive=\"core\/accordion\" role=\"group\" class=\"wp-block-accordion is-layout-flow wp-block-accordion-is-layout-flow\">\n<div data-wp-class--is-open=\"state.isOpen\" data-wp-context=\"{ &quot;id&quot;: &quot;accordion-item-4&quot;, &quot;openByDefault&quot;: false }\" data-wp-init=\"callbacks.initAccordionItems\" data-wp-on-window--hashchange=\"callbacks.hashChange\" class=\"wp-block-accordion-item is-layout-flow wp-block-accordion-item-is-layout-flow\">\n<h3 class=\"wp-block-accordion-heading\"><button aria-expanded=\"false\" aria-controls=\"accordion-item-4-panel\" data-wp-bind--aria-expanded=\"state.isOpen\" data-wp-on--click=\"actions.toggle\" data-wp-on--keydown=\"actions.handleKeyDown\" id=\"accordion-item-4\" type=\"button\" class=\"wp-block-accordion-heading__toggle\"><span class=\"wp-block-accordion-heading__toggle-title\">Teil der weltweiten Kirche<\/span><span class=\"wp-block-accordion-heading__toggle-icon\" aria-hidden=\"true\">+<\/span><\/button><\/h3>\n\n\n\n<div inert aria-labelledby=\"accordion-item-4\" data-wp-bind--inert=\"!state.isOpen\" id=\"accordion-item-4-panel\" role=\"region\" class=\"wp-block-accordion-panel is-layout-flow wp-block-accordion-panel-is-layout-flow\">\n<p>Wir verstehen uns als zeitgem\u00e4\u00dfe evangelische Christen. In unserem Glauben orientieren wir uns an gemeinsamen Bekenntnissen wie dem der Evangelischen Allianz und dem Lausanner Pakt.<\/p>\n\n\n\n<p>Als Teil der weltweiten Kirche stehen wir auch in der Tradition der gro\u00dfen christlichen Glaubensbekenntnisse (genauer: das Apostolische und das Niz\u00e4no-Konstantinopolitanische Glaubensbekenntnis, als auch das Chalcedonische und Athanasische Glaubensbekenntnis).<\/p>\n\n\n\n<p>Wir glauben, dass der Mensch allein durch den Glauben an Jesus Christus gerecht vor Gott wird. Gleichzeitig stehen wir in der reformatorischen Tradition (z. B. Heidelberger Katechismus), auch wenn wir die \u00dcberzeugung vertreten, dass die Taufe eine bewusste Entscheidung von gl\u00e4ubigen Menschen ist.<\/p>\n<\/div>\n<\/div>\n<\/div>\n\n\n\n<div style=\"height:73px\" aria-hidden=\"true\" class=\"wp-block-spacer\"><\/div>\n\n\n\n<p><\/p>\n","protected":false},"excerpt":{"rendered":"","protected":false},"author":1,"featured_media":0,"parent":0,"menu_order":0,"comment_status":"closed","ping_status":"closed","template":"","meta":{"site-sidebar-layout":"default","site-content-layout":"","ast-site-content-layout":"default","site-content-style":"default","site-sidebar-style":"default","ast-global-header-display":"","ast-banner-title-visibility":"","ast-main-header-display":"","ast-hfb-above-header-display":"","ast-hfb-below-header-display":"","ast-hfb-mobile-header-display":"","site-post-title":"","ast-breadcrumbs-content":"","ast-featured-img":"","footer-sml-layout":"","ast-disable-related-posts":"","theme-transparent-header-meta":"","adv-header-id-meta":"","stick-header-meta":"","header-above-stick-meta":"","header-main-stick-meta":"","header-below-stick-meta":"","astra-migrate-meta-layouts":"default","ast-page-background-enabled":"default","ast-page-background-meta":{"desktop":{"background-color":"var(--ast-global-color-5)","background-image":"","background-repeat":"repeat","background-position":"center center","background-size":"auto","background-attachment":"scroll","background-type":"","background-media":"","overlay-type":"","overlay-color":"","overlay-opacity":"","overlay-gradient":""},"tablet":{"background-color":"","background-image":"","background-repeat":"repeat","background-position":"center center","background-size":"auto","background-attachment":"scroll","background-type":"","background-media":"","overlay-type":"","overlay-color":"","overlay-opacity":"","overlay-gradient":""},"mobile":{"background-color":"","background-image":"","background-repeat":"repeat","background-position":"center center","background-size":"auto","background-attachment":"scroll","background-type":"","background-media":"","overlay-type":"","overlay-color":"","overlay-opacity":"","overlay-gradient":""}},"ast-content-background-meta":{"desktop":{"background-color":"var(--ast-global-color-4)","background-image":"","background-repeat":"repeat","background-position":"center center","background-size":"auto","background-attachment":"scroll","background-type":"","background-media":"","overlay-type":"","overlay-color":"","overlay-opacity":"","overlay-gradient":""},"tablet":{"background-color":"var(--ast-global-color-4)","background-image":"","background-repeat":"repeat","background-position":"center center","background-size":"auto","background-attachment":"scroll","background-type":"","background-media":"","overlay-type":"","overlay-color":"","overlay-opacity":"","overlay-gradient":""},"mobile":{"background-color":"var(--ast-global-color-4)","background-image":"","background-repeat":"repeat","background-position":"center center","background-size":"auto","background-attachment":"scroll","background-type":"","background-media":"","overlay-type":"","overlay-color":"","overlay-opacity":"","overlay-gradient":""}},"ngg_post_thumbnail":0,"footnotes":""},"class_list":["post-25","page","type-page","status-publish","hentry"],"_links":{"self":[{"href":"https:\/\/relationalmission.de\/en\/wp-json\/wp\/v2\/pages\/25","targetHints":{"allow":["GET"]}}],"collection":[{"href":"https:\/\/relationalmission.de\/en\/wp-json\/wp\/v2\/pages"}],"about":[{"href":"https:\/\/relationalmission.de\/en\/wp-json\/wp\/v2\/types\/page"}],"author":[{"embeddable":true,"href":"https:\/\/relationalmission.de\/en\/wp-json\/wp\/v2\/users\/1"}],"replies":[{"embeddable":true,"href":"https:\/\/relationalmission.de\/en\/wp-json\/wp\/v2\/comments?post=25"}],"version-history":[{"count":155,"href":"https:\/\/relationalmission.de\/en\/wp-json\/wp\/v2\/pages\/25\/revisions"}],"predecessor-version":[{"id":840,"href":"https:\/\/relationalmission.de\/en\/wp-json\/wp\/v2\/pages\/25\/revisions\/840"}],"wp:attachment":[{"href":"https:\/\/relationalmission.de\/en\/wp-json\/wp\/v2\/media?parent=25"}],"curies":[{"name":"wp","href":"https:\/\/api.w.org\/{rel}","templated":true}]}}